{"id":5207,"date":"2025-07-16T16:40:28","date_gmt":"2025-07-16T16:40:28","guid":{"rendered":"https:\/\/novaretailpark.rs\/ub\/?page_id=5207"},"modified":"2025-10-29T13:01:04","modified_gmt":"2025-10-29T13:01:04","slug":"ccc","status":"publish","type":"page","link":"https:\/\/novaretailpark.rs\/ub\/ccc\/","title":{"rendered":"CCC"},"content":{"rendered":"\t\t<div data-elementor-type=\"wp-page\" data-elementor-id=\"5207\" class=\"elementor elementor-5207\" data-elementor-post-type=\"page\">\n\t\t\t\t<div class=\"elementor-element elementor-element-86da8d1 e-flex e-con-boxed e-con e-parent\" data-id=\"86da8d1\" data-element_type=\"container\" data-settings=\"{&quot;jet_parallax_layout_list&quot;:[]}\">\n\t\t\t\t\t<div class=\"e-con-inner\">\n\t\t<div class=\"elementor-element elementor-element-300725c e-con-full e-flex e-con e-child\" data-id=\"300725c\" data-element_type=\"container\" data-settings=\"{&quot;jet_parallax_layout_list&quot;:[],&quot;motion_fx_motion_fx_scrolling&quot;:&quot;yes&quot;,&quot;motion_fx_translateY_effect&quot;:&quot;yes&quot;,&quot;motion_fx_translateY_speed&quot;:{&quot;unit&quot;:&quot;px&quot;,&quot;size&quot;:2,&quot;sizes&quot;:[]},&quot;motion_fx_translateY_affectedRange&quot;:{&quot;unit&quot;:&quot;%&quot;,&quot;size&quot;:&quot;&quot;,&quot;sizes&quot;:{&quot;start&quot;:0,&quot;end&quot;:100}},&quot;motion_fx_devices&quot;:[&quot;widescreen&quot;,&quot;desktop&quot;,&quot;laptop&quot;,&quot;tablet_extra&quot;,&quot;tablet&quot;,&quot;mobile_extra&quot;,&quot;mobile&quot;]}\">\n\t\t\t\t<div class=\"elementor-element elementor-element-f6464a8 elementor-widget elementor-widget-image\" data-id=\"f6464a8\" data-element_type=\"widget\" data-widget_type=\"image.default\">\n\t\t\t\t<div class=\"elementor-widget-container\">\n\t\t\t\t\t\t\t\t\t\t\t\t\t<img fetchpriority=\"high\" decoding=\"async\" width=\"800\" height=\"416\" src=\"https:\/\/novaretailpark.rs\/ub\/wp-content\/uploads\/2025\/07\/CCC-logo_WHITE-RGB-scaled-e1752681763324-1024x532.png\" class=\"attachment-large size-large wp-image-5179\" alt=\"ccc\" srcset=\"https:\/\/novaretailpark.rs\/ub\/wp-content\/uploads\/2025\/07\/CCC-logo_WHITE-RGB-scaled-e1752681763324-1024x532.png 1024w, https:\/\/novaretailpark.rs\/ub\/wp-content\/uploads\/2025\/07\/CCC-logo_WHITE-RGB-scaled-e1752681763324-300x156.png 300w, https:\/\/novaretailpark.rs\/ub\/wp-content\/uploads\/2025\/07\/CCC-logo_WHITE-RGB-scaled-e1752681763324-768x399.png 768w, https:\/\/novaretailpark.rs\/ub\/wp-content\/uploads\/2025\/07\/CCC-logo_WHITE-RGB-scaled-e1752681763324.png 1080w\" sizes=\"(max-width: 800px) 100vw, 800px\" \/>\t\t\t\t\t\t\t\t\t\t\t\t\t<\/div>\n\t\t\t\t<\/div>\n\t\t\t\t<div class=\"elementor-element elementor-element-adbc00d elementor-widget elementor-widget-text-editor\" data-id=\"adbc00d\" data-element_type=\"widget\" data-widget_type=\"text-editor.default\">\n\t\t\t\t<div class=\"elementor-widget-container\">\n\t\t\t\t\t\t\t<p><strong>Radno vreme: 09-21h<\/strong><\/p>\t\t\t\t\t\t<\/div>\n\t\t\t\t<\/div>\n\t\t\t\t<\/div>\n\t\t<div class=\"elementor-element elementor-element-59d0320 e-con-full e-flex e-con e-child\" data-id=\"59d0320\" data-element_type=\"container\" data-settings=\"{&quot;jet_parallax_layout_list&quot;:[]}\">\n\t\t\t\t<div class=\"elementor-element elementor-element-bde58f6 elementor-widget elementor-widget-text-editor\" data-id=\"bde58f6\" data-element_type=\"widget\" data-widget_type=\"text-editor.default\">\n\t\t\t\t<div class=\"elementor-widget-container\">\n\t\t\t\t\t\t\t<p>U CCC-u nudimo proizvode koji kombinuju atraktivne cene i modne trendove. Sa \u0161irokim izborom &#8211; od obu\u0107e i torbi do dodataka &#8211; u na\u0161em asortimanu c\u0301ete pronac\u0301i sve \u0161to vam je potrebno da izrazite svoj stil! Sa proizvodima dostupnim u CCC-u, moda vam je uvek na dohvat ruke, spremna da vas prati u svakom trenutku! Pronac\u0301i c\u0301ete najnovije kolekcije vrhunskih modnih brendova kao \u0161to su Nine West New York, Juicy Couture, Hunter, Beverly Hills Polo Club, Mexx, G-STAR i \u0161irok asortiman CCC brendova: Gino Rossi, Lasocki, Badura, Jenny, Sprandi i DeeZee. Ljubitelji sportskog stila pronac\u0301i c\u0301e proizvode brendova Reebok, Kappa, adidas, Puma, Champion, Vans, New Balance, DC ili SHAQ. S druge strane, za najmla\u0111e imamo obuc\u0301u i dodatke sa Diznijevim i Marvelovim likovima i jo\u0161 mnogo toga.<\/p><p>\u00a0<\/p><p>Prakti\u010dna kupovina, \u0161irok izbor i najmoderniji trendovi &#8211; sve na jednom mestu, posebno za vas!<\/p><p>\u00a0<\/p><p>Prona\u0111ite najnovije proizvode i informacije u na\u0161im prodavnicama i online:<\/p><p>\u00a0<\/p><ul><li>www:\u00a0<a href=\"http:\/\/www.ccc.eu\/rs\" target=\"_blank\" rel=\"noopener\">ccc.eu\/rs<\/a><\/li><li>Facebook: <a href=\"https:\/\/www.facebook.com\/cccserbia\" target=\"_blank\" rel=\"noopener\">https:\/\/www.facebook.com\/cccserbia<\/a><\/li><li>Instagram: <a href=\"https:\/\/www.instagram.com\/cccshoesbags\/\" target=\"_blank\" rel=\"noopener\">https:\/\/www.instagram.com\/cccshoesbags\/<\/a><\/li><li>TikTok: <a href=\"https:\/\/www.tiktok.com\/@cccshoesbags\" target=\"_blank\" rel=\"noopener\">https:\/\/www.tiktok.com\/@cccshoesbags<\/a><\/li><\/ul>\t\t\t\t\t\t<\/div>\n\t\t\t\t<\/div>\n\t\t\t\t<\/div>\n\t\t\t\t\t<\/div>\n\t\t\t\t<\/div>\n\t\t<div class=\"elementor-element elementor-element-27b122e e-flex e-con-boxed e-con e-parent\" data-id=\"27b122e\" data-element_type=\"container\" data-settings=\"{&quot;jet_parallax_layout_list&quot;:[]}\">\n\t\t\t\t\t<div class=\"e-con-inner\">\n\t\t\t\t<div class=\"elementor-element elementor-element-d06e0fc elementor-hidden-tablet elementor-hidden-mobile_extra elementor-hidden-mobile elementor-widget elementor-widget-hotspot\" data-id=\"d06e0fc\" data-element_type=\"widget\" data-settings=\"{&quot;hotspot&quot;:[{&quot;hotspot_custom_size&quot;:&quot;yes&quot;,&quot;hotspot_tooltip_content&quot;:&quot;&lt;p&gt;&lt;img class=\\&quot;alignnone size-medium wp-image-5179\\&quot; src=\\&quot;https:\\\/\\\/novaretailpark.rs\\\/ub\\\/wp-content\\\/uploads\\\/2025\\\/07\\\/CCC-logo_WHITE-RGB-scaled-e1752681763324-300x156.png\\&quot; alt=\\&quot;ccc\\&quot; width=\\&quot;300\\&quot; height=\\&quot;156\\&quot; \\\/&gt;&lt;br \\\/&gt;&lt;strong&gt;CCC&lt;\\\/strong&gt;&lt;br \\\/&gt;Ode\\u0107a&lt;br \\\/&gt;------------------------&lt;\\\/p&gt;&quot;,&quot;hotspot_offset_x&quot;:{&quot;unit&quot;:&quot;%&quot;,&quot;size&quot;:25,&quot;sizes&quot;:[]},&quot;hotspot_offset_y&quot;:{&quot;unit&quot;:&quot;%&quot;,&quot;size&quot;:71,&quot;sizes&quot;:[]},&quot;_id&quot;:&quot;a8de6a5&quot;,&quot;hotspot_icon&quot;:{&quot;value&quot;:&quot;far fa-arrow-alt-circle-down&quot;,&quot;library&quot;:&quot;fa-regular&quot;},&quot;hotspot_width&quot;:{&quot;unit&quot;:&quot;px&quot;,&quot;size&quot;:29,&quot;sizes&quot;:[]},&quot;hotspot_height&quot;:{&quot;unit&quot;:&quot;px&quot;,&quot;size&quot;:29,&quot;sizes&quot;:[]},&quot;__dynamic__&quot;:null,&quot;hotspot_label&quot;:&quot;&quot;,&quot;hotspot_link&quot;:{&quot;url&quot;:&quot;&quot;,&quot;is_external&quot;:&quot;&quot;,&quot;nofollow&quot;:&quot;&quot;,&quot;custom_attributes&quot;:&quot;&quot;},&quot;hotspot_horizontal&quot;:&quot;left&quot;,&quot;hotspot_vertical&quot;:&quot;top&quot;,&quot;hotspot_tooltip_position&quot;:&quot;no&quot;,&quot;hotspot_position&quot;:null}],&quot;tooltip_position&quot;:&quot;bottom&quot;,&quot;tooltip_trigger&quot;:&quot;mouseenter&quot;,&quot;tooltip_animation&quot;:&quot;e-hotspot--fade-direction&quot;}\" data-widget_type=\"hotspot.default\">\n\t\t\t\t<div class=\"elementor-widget-container\">\n\t\t\t<img decoding=\"async\" width=\"1738\" height=\"663\" src=\"https:\/\/novaretailpark.rs\/ub\/wp-content\/uploads\/2024\/06\/3D-parka-01.png\" class=\"attachment-full size-full wp-image-1661\" alt=\"\" srcset=\"https:\/\/novaretailpark.rs\/ub\/wp-content\/uploads\/2024\/06\/3D-parka-01.png 1738w, https:\/\/novaretailpark.rs\/ub\/wp-content\/uploads\/2024\/06\/3D-parka-01-300x114.png 300w, https:\/\/novaretailpark.rs\/ub\/wp-content\/uploads\/2024\/06\/3D-parka-01-1024x391.png 1024w, https:\/\/novaretailpark.rs\/ub\/wp-content\/uploads\/2024\/06\/3D-parka-01-768x293.png 768w, https:\/\/novaretailpark.rs\/ub\/wp-content\/uploads\/2024\/06\/3D-parka-01-1536x586.png 1536w\" sizes=\"(max-width: 1738px) 100vw, 1738px\" \/>\n\t\t\t\t\t\t<div class=\"e-hotspot elementor-repeater-item-a8de6a5  e-hotspot--position-left e-hotspot--position-top   e-hotspot--icon\">\n\n\t\t\t\t\t\t\t\t<div class=\"e-hotspot__button e-hotspot--expand\">\n\t\t\t\t\t\t\t\t\t\t\t\t\t\t\t\t\t\t<div class=\"e-hotspot__icon\"><svg class=\"e-font-icon-svg e-far-arrow-alt-circle-down\" viewBox=\"0 0 512 512\" xmlns=\"http:\/\/www.w3.org\/2000\/svg\"><path d=\"M256 8C119 8 8 119 8 256s111 248 248 248 248-111 248-248S393 8 256 8zm0 448c-110.5 0-200-89.5-200-200S145.5 56 256 56s200 89.5 200 200-89.5 200-200 200zm-32-316v116h-67c-10.7 0-16 12.9-8.5 20.5l99 99c4.7 4.7 12.3 4.7 17 0l99-99c7.6-7.6 2.2-20.5-8.5-20.5h-67V140c0-6.6-5.4-12-12-12h-40c-6.6 0-12 5.4-12 12z\"><\/path><\/svg><\/div>\n\t\t\t\t\t\t\t\t\t\t\t\t\t\t\t\t\t\t\t\t\t<\/div>\n\n\t\t\t\t\t\t\t\t\t\t\t\t\t\t\t\t\t\t\t<div class=\"e-hotspot__direction-mask e-hotspot--tooltip-position\">\n\t\t\t\t\t\t\t\t\t\t<div class=\"e-hotspot__tooltip   e-hotspot--fade-direction \" >\n\t\t\t\t\t\t<p><img decoding=\"async\" class=\"alignnone size-medium wp-image-5179\" src=\"https:\/\/novaretailpark.rs\/ub\/wp-content\/uploads\/2025\/07\/CCC-logo_WHITE-RGB-scaled-e1752681763324-300x156.png\" alt=\"ccc\" width=\"300\" height=\"156\" srcset=\"https:\/\/novaretailpark.rs\/ub\/wp-content\/uploads\/2025\/07\/CCC-logo_WHITE-RGB-scaled-e1752681763324-300x156.png 300w, https:\/\/novaretailpark.rs\/ub\/wp-content\/uploads\/2025\/07\/CCC-logo_WHITE-RGB-scaled-e1752681763324-1024x532.png 1024w, https:\/\/novaretailpark.rs\/ub\/wp-content\/uploads\/2025\/07\/CCC-logo_WHITE-RGB-scaled-e1752681763324-768x399.png 768w, https:\/\/novaretailpark.rs\/ub\/wp-content\/uploads\/2025\/07\/CCC-logo_WHITE-RGB-scaled-e1752681763324.png 1080w\" sizes=\"(max-width: 300px) 100vw, 300px\" \/><br \/><strong>CCC<\/strong><br \/>Ode\u0107a<br \/>------------------------<\/p>\t\t\t\t\t<\/div>\n\t\t\t\t\t\t\t\t\t\t\t<\/div>\n\t\t\t\t\t\t\t\t\t\n\t\t\t<\/div>\n\n\t\n\t\t\t\t<\/div>\n\t\t\t\t<\/div>\n\t\t\t\t<div class=\"elementor-element elementor-element-f3f4660 elementor-align-center e-transform elementor-icon-list--layout-traditional elementor-list-item-link-full_width elementor-widget elementor-widget-icon-list\" data-id=\"f3f4660\" data-element_type=\"widget\" data-settings=\"{&quot;_transform_translateY_effect_hover&quot;:{&quot;unit&quot;:&quot;px&quot;,&quot;size&quot;:8,&quot;sizes&quot;:[]},&quot;_transform_translateX_effect_hover&quot;:{&quot;unit&quot;:&quot;px&quot;,&quot;size&quot;:&quot;&quot;,&quot;sizes&quot;:[]},&quot;_transform_translateX_effect_hover_widescreen&quot;:{&quot;unit&quot;:&quot;px&quot;,&quot;size&quot;:&quot;&quot;,&quot;sizes&quot;:[]},&quot;_transform_translateX_effect_hover_laptop&quot;:{&quot;unit&quot;:&quot;px&quot;,&quot;size&quot;:&quot;&quot;,&quot;sizes&quot;:[]},&quot;_transform_translateX_effect_hover_tablet_extra&quot;:{&quot;unit&quot;:&quot;px&quot;,&quot;size&quot;:&quot;&quot;,&quot;sizes&quot;:[]},&quot;_transform_translateX_effect_hover_tablet&quot;:{&quot;unit&quot;:&quot;px&quot;,&quot;size&quot;:&quot;&quot;,&quot;sizes&quot;:[]},&quot;_transform_translateX_effect_hover_mobile_extra&quot;:{&quot;unit&quot;:&quot;px&quot;,&quot;size&quot;:&quot;&quot;,&quot;sizes&quot;:[]},&quot;_transform_translateX_effect_hover_mobile&quot;:{&quot;unit&quot;:&quot;px&quot;,&quot;size&quot;:&quot;&quot;,&quot;sizes&quot;:[]},&quot;_transform_translateY_effect_hover_widescreen&quot;:{&quot;unit&quot;:&quot;px&quot;,&quot;size&quot;:&quot;&quot;,&quot;sizes&quot;:[]},&quot;_transform_translateY_effect_hover_laptop&quot;:{&quot;unit&quot;:&quot;px&quot;,&quot;size&quot;:&quot;&quot;,&quot;sizes&quot;:[]},&quot;_transform_translateY_effect_hover_tablet_extra&quot;:{&quot;unit&quot;:&quot;px&quot;,&quot;size&quot;:&quot;&quot;,&quot;sizes&quot;:[]},&quot;_transform_translateY_effect_hover_tablet&quot;:{&quot;unit&quot;:&quot;px&quot;,&quot;size&quot;:&quot;&quot;,&quot;sizes&quot;:[]},&quot;_transform_translateY_effect_hover_mobile_extra&quot;:{&quot;unit&quot;:&quot;px&quot;,&quot;size&quot;:&quot;&quot;,&quot;sizes&quot;:[]},&quot;_transform_translateY_effect_hover_mobile&quot;:{&quot;unit&quot;:&quot;px&quot;,&quot;size&quot;:&quot;&quot;,&quot;sizes&quot;:[]}}\" data-widget_type=\"icon-list.default\">\n\t\t\t\t<div class=\"elementor-widget-container\">\n\t\t\t\t\t<ul class=\"elementor-icon-list-items\">\n\t\t\t\t\t\t\t<li class=\"elementor-icon-list-item\">\n\t\t\t\t\t\t\t\t\t\t\t<a href=\"https:\/\/novaretailpark.rs\/ub\/prodavnice\/\">\n\n\t\t\t\t\t\t\t\t\t\t\t\t<span class=\"elementor-icon-list-icon\">\n\t\t\t\t\t\t\t<svg aria-hidden=\"true\" class=\"e-font-icon-svg e-fas-angle-left\" viewBox=\"0 0 256 512\" xmlns=\"http:\/\/www.w3.org\/2000\/svg\"><path d=\"M31.7 239l136-136c9.4-9.4 24.6-9.4 33.9 0l22.6 22.6c9.4 9.4 9.4 24.6 0 33.9L127.9 256l96.4 96.4c9.4 9.4 9.4 24.6 0 33.9L201.7 409c-9.4 9.4-24.6 9.4-33.9 0l-136-136c-9.5-9.4-9.5-24.6-.1-34z\"><\/path><\/svg>\t\t\t\t\t\t<\/span>\n\t\t\t\t\t\t\t\t\t\t<span class=\"elementor-icon-list-text\">VRATI SE NA SVE PRODAVNICE<\/span>\n\t\t\t\t\t\t\t\t\t\t\t<\/a>\n\t\t\t\t\t\t\t\t\t<\/li>\n\t\t\t\t\t\t<\/ul>\n\t\t\t\t<\/div>\n\t\t\t\t<\/div>\n\t\t\t\t\t<\/div>\n\t\t\t\t<\/div>\n\t\t\t\t<\/div>\n\t\t","protected":false},"excerpt":{"rendered":"<p>Radno vreme: 09-21h U CCC-u nudimo proizvode koji kombinuju atraktivne cene i modne trendove. Sa \u0161irokim izborom &#8211; od obu\u0107e i torbi do dodataka &#8211; u na\u0161em asortimanu c\u0301ete pronac\u0301i sve \u0161to vam je potrebno da izrazite svoj stil! Sa proizvodima dostupnim u CCC-u, moda vam je uvek na dohvat ruke, spremna da vas prati [&hellip;]<\/p>\n","protected":false},"author":3,"featured_media":0,"parent":0,"menu_order":0,"comment_status":"closed","ping_status":"closed","template":"","meta":{"iawp_total_views":855,"footnotes":""},"class_list":["post-5207","page","type-page","status-publish","hentry"],"_links":{"self":[{"href":"https:\/\/novaretailpark.rs\/ub\/wp-json\/wp\/v2\/pages\/5207","targetHints":{"allow":["GET"]}}],"collection":[{"href":"https:\/\/novaretailpark.rs\/ub\/wp-json\/wp\/v2\/pages"}],"about":[{"href":"https:\/\/novaretailpark.rs\/ub\/wp-json\/wp\/v2\/types\/page"}],"author":[{"embeddable":true,"href":"https:\/\/novaretailpark.rs\/ub\/wp-json\/wp\/v2\/users\/3"}],"replies":[{"embeddable":true,"href":"https:\/\/novaretailpark.rs\/ub\/wp-json\/wp\/v2\/comments?post=5207"}],"version-history":[{"count":25,"href":"https:\/\/novaretailpark.rs\/ub\/wp-json\/wp\/v2\/pages\/5207\/revisions"}],"predecessor-version":[{"id":5555,"href":"https:\/\/novaretailpark.rs\/ub\/wp-json\/wp\/v2\/pages\/5207\/revisions\/5555"}],"wp:attachment":[{"href":"https:\/\/novaretailpark.rs\/ub\/wp-json\/wp\/v2\/media?parent=5207"}],"curies":[{"name":"wp","href":"https:\/\/api.w.org\/{rel}","templated":true}]}}